{"id":3353,"date":"2025-09-10T14:40:44","date_gmt":"2025-09-10T14:40:44","guid":{"rendered":"https:\/\/new.cncnc.gov.md\/?page_id=3353"},"modified":"2026-02-09T08:31:40","modified_gmt":"2026-02-09T08:31:40","slug":"hotararile-comisie","status":"publish","type":"page","link":"https:\/\/new.cncnc.gov.md\/?page_id=3353","title":{"rendered":"Hot\u0103r\u00e2rile Comisie"},"content":{"rendered":"\n<p class=\"has-small-font-size\"><\/p>\n\n\n<p><em><strong><a href=\"https:\/\/new.cncnc.gov.md\/?attachment_id=3639\" rel=\"attachment wp-att-3639\">Declara\u021bia partenerilor sociali privind sus\u021binerea cursului de integrare european\u0103 a Republicii Moldova<\/a><\/strong><\/em><\/p>\n<pre><strong><a href=\"https:\/\/new.cncnc.gov.md\/wp-content\/uploads\/2025\/11\/5797-07.07.2025-1.pdf\" target=\"_blank\" rel=\"noopener\" data-wplink-edit=\"true\">Demersul Confedera\u021biei Na\u021bionale a Patronatului nr.\u00a005\/1-50 din 24.06.2025\u00a0cu privire\u00a0substituire membru supleant \u00een componen\u021ba CNCNC<\/a><br \/><br \/><\/strong><\/pre>\n<p><em><strong>Hot\u0103r\u00e2rile \u0219i procesele-verbale ale \u0219edin\u021belor CNCNC<br \/><\/strong><\/em><\/p>\n<p>* Toate procesele-verbale \u0219i hot\u0103r\u00e2rile Comisiei Na\u021bionale pentru Consult\u0103ri \u0219i Negocieri Colective emise p\u00e2n\u0103 la data de 25.06.2025 pot fi accesate pe vechea pagin\u0103 a CNCNC: <a href=\"https:\/\/old.cncnc.gov.md\/hotararilecomisiei\" target=\"_blank\" rel=\"noreferrer noopener\">old.cncnc.gov.md\/hotararilecomisiei<\/a><\/p>\n<p><strong><a href=\"https:\/\/new.cncnc.gov.md\/wp-content\/uploads\/2025\/12\/Procesul-verbal-nr.-7.pdf\">Procesul verbal nr. 7 din 20 noiembrie 2025<\/a><\/strong><\/p>\n<p><strong><a href=\"https:\/\/new.cncnc.gov.md\/wp-content\/uploads\/2025\/12\/Hotarari.pdf\">Hot\u0103r\u00e2ri din 20 noiembrie 2025<\/a><\/strong><\/p>\n<pre><br \/><br \/><\/pre>\n\n\n<p><\/p>\n","protected":false},"excerpt":{"rendered":"<p>Declara\u021bia partenerilor sociali privind sus\u021binerea cursului de integrare european\u0103 a Republicii Moldova Demersul Confedera\u021biei Na\u021bionale a Patronatului nr.\u00a005\/1-50 din 24.06.2025\u00a0cu privire\u00a0substituire membru supleant \u00een componen\u021ba CNCNC Hot\u0103r\u00e2rile \u0219i procesele-verbale ale \u0219edin\u021belor CNCNC * Toate procesele-verbale \u0219i hot\u0103r\u00e2rile Comisiei Na\u021bionale pentru Consult\u0103ri \u0219i Negocieri Colective emise p\u00e2n\u0103 la data de 25.06.2025 pot fi accesate pe vechea [&hellip;]<\/p>\n","protected":false},"author":1,"featured_media":0,"parent":0,"menu_order":0,"comment_status":"closed","ping_status":"closed","template":"","meta":{"footnotes":""},"class_list":["post-3353","page","type-page","status-publish","hentry"],"blocksy_meta":[],"_links":{"self":[{"href":"https:\/\/new.cncnc.gov.md\/index.php?rest_route=\/wp\/v2\/pages\/3353","targetHints":{"allow":["GET"]}}],"collection":[{"href":"https:\/\/new.cncnc.gov.md\/index.php?rest_route=\/wp\/v2\/pages"}],"about":[{"href":"https:\/\/new.cncnc.gov.md\/index.php?rest_route=\/wp\/v2\/types\/page"}],"author":[{"embeddable":true,"href":"https:\/\/new.cncnc.gov.md\/index.php?rest_route=\/wp\/v2\/users\/1"}],"replies":[{"embeddable":true,"href":"https:\/\/new.cncnc.gov.md\/index.php?rest_route=%2Fwp%2Fv2%2Fcomments&post=3353"}],"version-history":[{"count":12,"href":"https:\/\/new.cncnc.gov.md\/index.php?rest_route=\/wp\/v2\/pages\/3353\/revisions"}],"predecessor-version":[{"id":3700,"href":"https:\/\/new.cncnc.gov.md\/index.php?rest_route=\/wp\/v2\/pages\/3353\/revisions\/3700"}],"wp:attachment":[{"href":"https:\/\/new.cncnc.gov.md\/index.php?rest_route=%2Fwp%2Fv2%2Fmedia&parent=3353"}],"curies":[{"name":"wp","href":"https:\/\/api.w.org\/{rel}","templated":true}]}}