{"id":3097,"date":"2020-07-29T07:08:46","date_gmt":"2020-07-29T07:08:46","guid":{"rendered":"https:\/\/startersites.io\/blocksy\/blog\/?page_id=3097"},"modified":"2025-09-15T09:01:17","modified_gmt":"2025-09-15T09:01:17","slug":"about","status":"publish","type":"page","link":"https:\/\/new.cncnc.gov.md\/?page_id=3097","title":{"rendered":"LEGISLA\u021aIA"},"content":{"rendered":"<p><strong>Comisia Na\u021bional\u0103 pentru Consult\u0103ri \u0219i Negocieri Colective<\/strong> se constituie pentru solu\u0163ionarea problemelor ce \u0163in de domeniul muncii \u015fi a problemelor social-economice, pentru dezvoltarea parteneriatului social la nivel na\u0163ional, la nivel de ramur\u0103 \u015fi la nivel teritorial.<\/p>\n<p><strong>Principii fundamentale<\/strong><\/p>\n<ul>\n<li>Legalitate \u2013 respectarea Constitu\u021biei, Codului muncii, tratatelor interna\u021bionale.<\/li>\n<li>Egalitatea p\u0103r\u021bilor \u2013 Guvern, patronate \u0219i sindicate au drepturi egale \u00een procesul de consultare \u0219i negociere.<\/li>\n<li>Autonomie \u0219i transparen\u021b\u0103 \u2013 comisiile func\u021bioneaz\u0103 independent, pe baza regulamentelor proprii.<\/li>\n<\/ul>\n<p><strong>Rolul dialogului social<\/strong><\/p>\n<p><strong>Consultarea \u0219i negocierea colectiv\u0103 pentru:<\/strong><\/p>\n<ul>\n<li>Politici sociale \u0219i economice,<\/li>\n<li>Condi\u021bii de munc\u0103,<\/li>\n<li>Contracte colective,<\/li>\n<li>Prevenirea conflictelor de munc\u0103.<\/li>\n<\/ul>\n<p><strong>Promovarea p\u0103cii sociale \u0219i armonizarea intereselor angajatorilor \u0219i salaria\u021bilor.<\/strong><\/p>\n<p>&nbsp;<\/p>\n<p>&nbsp;<\/p>\n<p>&nbsp;<\/p>\n","protected":false},"excerpt":{"rendered":"<p>Comisia Na\u021bional\u0103 pentru Consult\u0103ri \u0219i Negocieri Colective se constituie pentru solu\u0163ionarea problemelor ce \u0163in de domeniul muncii \u015fi a problemelor social-economice, pentru dezvoltarea parteneriatului social la nivel na\u0163ional, la nivel de ramur\u0103 \u015fi la nivel teritorial. Principii fundamentale Legalitate \u2013 respectarea Constitu\u021biei, Codului muncii, tratatelor interna\u021bionale. Egalitatea p\u0103r\u021bilor \u2013 Guvern, patronate \u0219i sindicate au drepturi [&hellip;]<\/p>\n","protected":false},"author":1,"featured_media":0,"parent":0,"menu_order":0,"comment_status":"closed","ping_status":"closed","template":"","meta":{"footnotes":""},"class_list":["post-3097","page","type-page","status-publish","hentry"],"blocksy_meta":{"page_title_panel":"","has_hero_section":"disabled","9dad8f631ace193755e5712efd9714a6":"","hero_section":"type-1","hero_elements":[{"id":"custom_title","enabled":true,"heading_tag":"h1","title":"Home"},{"id":"custom_description","enabled":true,"description_visibility":{"desktop":true,"tablet":true,"mobile":false}},{"id":"custom_meta","enabled":false,"meta_elements":[{"id":"author","enabled":true,"label":"By","has_author_avatar":"yes","avatar_size":25},{"id":"post_date","enabled":true,"label":"On","date_format_source":"default","date_format":"M j, Y"},{"id":"comments","enabled":true}],"page_meta_elements":{"joined":true,"articles_count":true,"comments":true}},{"id":"breadcrumbs","enabled":false}],"10718d59018f557af90dfeaf23a39658":"","hero_alignment1":"left","hero_alignment2":"center","hero_vertical_alignment":"center","ecb220f600a0cbb00d37673beecfad6b":"","hero_structure":"narrow","bdefc77aa7a233f13e3f7f823f3a7004":"","page_title_bg_type":"featured_image","custom_hero_background":{"attachment_id":null},"parallax":{"desktop":false,"tablet":false,"mobile":false},"094dc78d23e1d39855993b2f9b5ad59c":"","hero_height":"230px","pageTitleFont":{"family":"Default","variation":"Default","size":{"desktop":"32px","tablet":"30px","mobile":"25px"},"line-height":"1.3","letter-spacing":"CT_CSS_SKIP_RULE","text-transform":"CT_CSS_SKIP_RULE","text-decoration":"CT_CSS_SKIP_RULE"},"pageTitleFontColor":{"default":{"color":"CT_CSS_SKIP_RULEDEFAULT"}},"pageMetaFont":{"family":"Default","variation":"n6","size":{"desktop":"12px","tablet":"12px","mobile":"12px"},"line-height":"1.3","letter-spacing":"CT_CSS_SKIP_RULE","text-transform":"uppercase","text-decoration":"CT_CSS_SKIP_RULE"},"pageMetaFontColor":{"default":{"color":"CT_CSS_SKIP_RULEDEFAULT"},"hover":{"color":"CT_CSS_SKIP_RULEDEFAULT"}},"pageExcerptFont":{"family":"Default","variation":"n5","size":"CT_CSS_SKIP_RULE","line-height":"CT_CSS_SKIP_RULE","letter-spacing":"CT_CSS_SKIP_RULE","text-transform":"CT_CSS_SKIP_RULE","text-decoration":"CT_CSS_SKIP_RULE"},"pageExcerptColor":{"default":{"color":"CT_CSS_SKIP_RULEDEFAULT"}},"breadcrumbsFont":{"family":"Default","variation":"n6","size":"12px","line-height":"CT_CSS_SKIP_RULE","letter-spacing":"CT_CSS_SKIP_RULE","text-transform":"uppercase","text-decoration":"CT_CSS_SKIP_RULE"},"breadcrumbsFontColor":{"default":{"color":"CT_CSS_SKIP_RULEDEFAULT"},"initial":{"color":"CT_CSS_SKIP_RULEDEFAULT"},"hover":{"color":"CT_CSS_SKIP_RULEDEFAULT"}},"pageTitleOverlay":{"default":{"color":"rgba(41, 51, 60, 0.2)"}},"pageTitleBackground":{"background_type":"color","background_pattern":"type-1","background_image":{"attachment_id":null,"x":0,"y":0},"background_repeat":"no-repeat","background_size":"auto","background_attachment":"scroll","patternColor":{"default":{"color":"#e5e7ea"}},"backgroundColor":{"default":{"color":"#EDEFF2"}}},"cb6e33e392d12c50e8ca8328c1e2f430":"","page_structure_type":"default","content_style":"inherit","vertical_spacing_source":"custom","content_area_spacing":"bottom","background":{"background_type":"color","background_pattern":"type-1","background_image":{"attachment_id":null,"x":0,"y":0},"background_repeat":"no-repeat","background_size":"auto","background_attachment":"scroll","patternColor":{"default":{"color":"#e5e7ea"}},"backgroundColor":{"default":{"color":"CT_CSS_SKIP_RULE"}}},"content_background":{"background_type":"color","background_pattern":"type-1","background_image":{"attachment_id":null,"x":0,"y":0},"background_repeat":"no-repeat","background_size":"auto","background_attachment":"scroll","patternColor":{"default":{"color":"#e5e7ea"}},"backgroundColor":{"default":{"color":"#ffffff"}}},"content_boxed_spacing":{"desktop":"40px","tablet":"35px","mobile":"20px"},"content_boxed_radius":{"top":"3px","bottom":"3px","left":"3px","right":"3px","linked":true},"content_boxed_shadow":{"blur":18,"spread":-6,"v_offset":12,"h_offset":0,"inset":false,"enable":true,"color":{"color":"rgba(34, 56, 101, 0.04)"}},"b74da0a2ba3bc24dcb09eb2e9153fdb9":"","disable_featured_image":"no","disable_header":"no","disable_footer":"no","styles_descriptor":{"styles":{"desktop":"","tablet":"","mobile":""},"google_fonts":[],"version":6}},"_links":{"self":[{"href":"https:\/\/new.cncnc.gov.md\/index.php?rest_route=\/wp\/v2\/pages\/3097","targetHints":{"allow":["GET"]}}],"collection":[{"href":"https:\/\/new.cncnc.gov.md\/index.php?rest_route=\/wp\/v2\/pages"}],"about":[{"href":"https:\/\/new.cncnc.gov.md\/index.php?rest_route=\/wp\/v2\/types\/page"}],"author":[{"embeddable":true,"href":"https:\/\/new.cncnc.gov.md\/index.php?rest_route=\/wp\/v2\/users\/1"}],"replies":[{"embeddable":true,"href":"https:\/\/new.cncnc.gov.md\/index.php?rest_route=%2Fwp%2Fv2%2Fcomments&post=3097"}],"version-history":[{"count":8,"href":"https:\/\/new.cncnc.gov.md\/index.php?rest_route=\/wp\/v2\/pages\/3097\/revisions"}],"predecessor-version":[{"id":3646,"href":"https:\/\/new.cncnc.gov.md\/index.php?rest_route=\/wp\/v2\/pages\/3097\/revisions\/3646"}],"wp:attachment":[{"href":"https:\/\/new.cncnc.gov.md\/index.php?rest_route=%2Fwp%2Fv2%2Fmedia&parent=3097"}],"curies":[{"name":"wp","href":"https:\/\/api.w.org\/{rel}","templated":true}]}}