{"id":3015,"date":"2020-03-20T15:03:59","date_gmt":"2020-03-20T15:03:59","guid":{"rendered":"https:\/\/startersites.io\/blocksy\/blog\/?page_id=3015"},"modified":"2025-09-10T13:58:30","modified_gmt":"2025-09-10T13:58:30","slug":"image-gallery-block","status":"publish","type":"page","link":"https:\/\/new.cncnc.gov.md\/?page_id=3015","title":{"rendered":"Membrii Comisiei"},"content":{"rendered":"<div><strong>MEMBRII COMISIEI<\/strong><\/div>\n<div><strong>Membri din partea Guvernului:<\/strong><\/div>\n<div>Doina NISTOR &#8211; viceprim-ministru, ministru al dezvolt\u0103rii economice \u0219i digitaliz\u0103rii<\/div>\n<div>Victoria BELOUS &#8211; ministru al finan\u021belor<\/div>\n<div>Vladimir BOLEA &#8211; viceprim-ministru, ministru al infrastructurii \u0219i dezvolt\u0103rii regionale<\/div>\n<div>Ludmila CATLABUGA &#8211; ministru al agriculturii \u0219i industriei alimentare<\/div>\n<div>Dorin JUNGHIETU &#8211; ministru al energiei<\/div>\n<div><strong>Membri suplean\u0163i din partea Guvernului:<\/strong><\/div>\n<div>Maia SAVVA &#8211; secretar de stat al Ministerului Finan\u021belor<\/div>\n<div>Ion PRIS\u0102CARU &#8211; secretar de stat al Ministerului S\u0103n\u0103t\u0103\u021bii<\/div>\n<div>Adriana CAZACU-\u021aIGAIE &#8211; secretar de stat al Ministerului Educa\u021biei \u0219i Cercet\u0103rii<\/div>\n<div>Mihai-Gabriel CIOBANU &#8211; secretar de stat al Ministerului Muncii \u0219i Protec\u021biei Sociale<\/div>\n<div><strong>Membri din partea Confedera\u0163iei Na\u0163ionale a Sindicatelor din Moldova:<\/strong><\/div>\n<div>Sergiu SAINCIUC &#8211; Vicepre\u015fedinte al Confedera\u0163iei Na\u0163ionale a Sindicatelor<\/div>\n<div>Ghenadie DONOS &#8211; Pre\u015fedinte al Sindicatului Educa\u0163iei \u015fi \u015etiin\u0163ei<\/div>\n<div>Vasile M\u0102M\u0102LIG\u0102 &#8211; Pre\u015fedinte al\u00a0 Federa\u0163iei Na\u0163ionale a Sindicatelor din Agricultur\u0103 \u015fi Alimenta\u0163ie &#8222;Agroindsind&#8221;<\/div>\n<div>Angela OTEAN &#8211; Pre\u015fedint\u0103 a Federa\u0163iei Sindicatelor din Moldova \u201dSINDLEX\u201d<\/div>\n<div>Margareta STRESTIAN &#8211; Pre\u0219edintele Federa\u021biei Sindicatelor Lucr\u0103torilor din Industria Chimic\u0103 \u0219i Resurse Energetice<\/div>\n<div><strong>Membri suplean\u0163i din partea Confedera\u0163iei Na\u0163ionale a Sindicatelor din Moldova:<\/strong><\/div>\n<div>Victoria NI\u021aA &#8211; Pre\u0219edint\u0103 a Federa\u021biei Sindicale \u201eSindenergo\u201d a Lucr\u0103torilor din Energetica Republicii Moldova<\/div>\n<div>Vlad CAN\u021a\u00ceR &#8211; Pre\u0219edinte al Federa\u021biei Sindicatelor Angaja\u021bilor din Serviciile Publice din Republica Moldova<\/div>\n<div>Ion ZAPOROJAN &#8211; Pre\u0219edintele Federa\u021biei Sindicale a Feroviarilor<\/div>\n<div>Valeria TRICOLICI &#8211; Pre\u0219edint\u0103 a Federa\u021biei Sindicatelor \u201eMoldsindcoopcomer\u021b\u201d<\/div>\n<div><strong>Membri din partea Confedera\u0163iei Na\u0163ionale a Patronatului din Republica Moldova:<\/strong><\/div>\n<div>Vladimir FLOREA &#8211; Prim-vicepre\u0219edinte al Confedera\u0163iei Na\u0163ionale a Patronatului din Republica Moldova<\/div>\n<div>Pavel CABA &#8211; vicepre\u0219edinte CNPM, pre\u015fedinte al Federa\u0163iei Patronale Condrumat<\/div>\n<div>Igor CRAPIVCA &#8211; vicepre\u0219edinte CNPM, pre\u015fedinte al Clubului Republican al Oamenilor de Afaceri \u201eTimpul\u201d<\/div>\n<div>Vladislav CAMINSCHI &#8211; Director executiv al\u00a0 Confedera\u0163iei Na\u0163ionale a Patronatului din Republica Moldova<\/div>\n<div>Alexandru GHE\u021aU &#8211; Jurist al Confedera\u021biei Na\u021bionale a Patronatului din Republica Moldova<\/div>\n<div><strong>Membri suplean\u0163i din partea Confedera\u0163iei Na\u0163ionale a Patronatului din Republica Moldova:<\/strong><\/div>\n<div>Adrian \u0218ERVAN &#8211; Asocia\u021bia Na\u021bional\u0103 a Companiilor din Domeniul TIC (ATIC)<\/div>\n<div>Ion STRATULAT &#8211; vicepre\u0219edinte al Federa\u021biei Patronatului din Construc\u021bii \u0219i Producerea Materialelor de Construc\u021bii<\/div>\n<div>Oleg TOFILAT &#8211; Director executiv al Uniunii Transportatorilor \u015fi Drumarilor<\/div>\n<div>Victor BACIU &#8211; manager de politici a Asocia\u021biei Patronale Camera de Comer\u021b American\u0103 (AmCham Moldova)<\/div>\n","protected":false},"excerpt":{"rendered":"<p>MEMBRII COMISIEI Membri din partea Guvernului: Doina NISTOR &#8211; viceprim-ministru, ministru al dezvolt\u0103rii economice \u0219i digitaliz\u0103rii Victoria BELOUS &#8211; ministru al finan\u021belor Vladimir BOLEA &#8211; viceprim-ministru, ministru al infrastructurii \u0219i dezvolt\u0103rii regionale Ludmila CATLABUGA &#8211; ministru al agriculturii \u0219i industriei alimentare Dorin JUNGHIETU &#8211; ministru al energiei Membri suplean\u0163i din partea Guvernului: Maia SAVVA &#8211; [&hellip;]<\/p>\n","protected":false},"author":1,"featured_media":0,"parent":0,"menu_order":0,"comment_status":"closed","ping_status":"closed","template":"","meta":{"footnotes":""},"class_list":["post-3015","page","type-page","status-publish","hentry"],"blocksy_meta":{"page_title_panel":"","has_hero_section":"default","95899c531e0ad3491174303de6642212":"","hero_section":"type-1","hero_alignment1":"left","hero_alignment2":"center","hero_height":"230px","page_title_bg_type":"color","custom_hero_background":{"attachment_id":null},"parallax":{"desktop":false,"tablet":false,"mobile":false},"2dd92aa842e6adeb5250f5e356d7d290":"","single_meta_elements":{"author":false,"date":false,"categories":false,"comments":false,"updated":false,"tags":false},"has_meta_label":"yes","has_meta_avatar":"yes","date_format_source":"custom","single_meta_date_format":"M j, Y","20ee4de43a50c8a441622e58d31bd568":"","page_excerpt_visibility":{"desktop":true,"tablet":true,"mobile":false},"pageTitleFont":{"family":"Default","variation":"Default","size":{"desktop":"32px","tablet":"30px","mobile":"25px"},"line-height":"1.3","letter-spacing":"CT_CSS_SKIP_RULE","text-transform":"CT_CSS_SKIP_RULE","text-decoration":"CT_CSS_SKIP_RULE"},"pageTitleFontColor":{"default":{"color":"CT_CSS_SKIP_RULEDEFAULT"}},"pageMetaFont":{"family":"Default","variation":"n6","size":{"desktop":"12px","tablet":"12px","mobile":"12px"},"line-height":"1.3","letter-spacing":"CT_CSS_SKIP_RULE","text-transform":"uppercase","text-decoration":"CT_CSS_SKIP_RULE"},"pageMetaFontColor":{"default":{"color":"CT_CSS_SKIP_RULEDEFAULT"},"hover":{"color":"CT_CSS_SKIP_RULEDEFAULT"}},"pageExcerptFont":{"family":"Default","variation":"n5","size":"CT_CSS_SKIP_RULE","line-height":"CT_CSS_SKIP_RULE","letter-spacing":"CT_CSS_SKIP_RULE","text-transform":"CT_CSS_SKIP_RULE","text-decoration":"CT_CSS_SKIP_RULE"},"pageExcerptColor":{"default":{"color":"CT_CSS_SKIP_RULEDEFAULT"}},"pageTitleOverlay":{"default":{"color":"rgba(41, 51, 60, 0.2)"}},"pageTitleBackground":{"default":{"color":"#EDEFF2"}},"54c5b9fa689a68a15f2a642f20ab736c":"","page_structure_type":"type-3","page_enable_vertical_spacing":"yes","73f7a561318165f12cbe5619f5d587f1":"","disable_featured_image":"no","styles_descriptor":{"styles":{"desktop":"","tablet":"","mobile":""},"google_fonts":[],"version":6}},"_links":{"self":[{"href":"https:\/\/new.cncnc.gov.md\/index.php?rest_route=\/wp\/v2\/pages\/3015","targetHints":{"allow":["GET"]}}],"collection":[{"href":"https:\/\/new.cncnc.gov.md\/index.php?rest_route=\/wp\/v2\/pages"}],"about":[{"href":"https:\/\/new.cncnc.gov.md\/index.php?rest_route=\/wp\/v2\/types\/page"}],"author":[{"embeddable":true,"href":"https:\/\/new.cncnc.gov.md\/index.php?rest_route=\/wp\/v2\/users\/1"}],"replies":[{"embeddable":true,"href":"https:\/\/new.cncnc.gov.md\/index.php?rest_route=%2Fwp%2Fv2%2Fcomments&post=3015"}],"version-history":[{"count":4,"href":"https:\/\/new.cncnc.gov.md\/index.php?rest_route=\/wp\/v2\/pages\/3015\/revisions"}],"predecessor-version":[{"id":3297,"href":"https:\/\/new.cncnc.gov.md\/index.php?rest_route=\/wp\/v2\/pages\/3015\/revisions\/3297"}],"wp:attachment":[{"href":"https:\/\/new.cncnc.gov.md\/index.php?rest_route=%2Fwp%2Fv2%2Fmedia&parent=3015"}],"curies":[{"name":"wp","href":"https:\/\/api.w.org\/{rel}","templated":true}]}}