{"id":3008,"date":"2020-03-20T15:00:01","date_gmt":"2020-03-20T15:00:01","guid":{"rendered":"https:\/\/startersites.io\/blocksy\/blog\/?page_id=3008"},"modified":"2025-09-15T11:30:29","modified_gmt":"2025-09-15T11:30:29","slug":"table-block","status":"publish","type":"page","link":"https:\/\/new.cncnc.gov.md\/?page_id=3008","title":{"rendered":"ECONOMIA INFORMAL\u0102"},"content":{"rendered":"<p><strong>Economia informal\u0103<\/strong> din Republica Moldova este un fenomen complex \u0219i persistent, care influen\u021beaz\u0103 profund pia\u021ba muncii, veniturile bugetare \u0219i dezvoltarea economic\u0103 general\u0103.<\/p>\n<h3>Ce trebuie s\u0103 faci dac\u0103 munce\u0219ti \u201ela negru\u201d<\/h3>\n<ul>\n<li><strong>Depune o peti\u021bie la Inspectoratul de Stat al Muncii (ISM)<\/strong> pentru a semnala munca nedeclarat\u0103.<\/li>\n<\/ul>\n<h3>Cum se depune peti\u021bia<\/h3>\n<ul>\n<li>Descrierea situa\u021biei (de c\u00e2nd lucrezi, f\u0103r\u0103 contract, cum e\u0219ti pl\u0103tit).<\/li>\n<li><strong>Confiden\u021bialitatea este garantat\u0103 prin lege<\/strong>.<\/li>\n<\/ul>\n<h3>Recomandare<\/h3>\n<ul>\n<li><strong>Ac\u021bioneaz\u0103 c\u00e2t timp e\u0219ti \u00eenc\u0103 la locul de munc\u0103<\/strong> \u2013 e mai u\u0219or de dovedit.<\/li>\n<li>Acceseaz\u0103 <a href=\"https:\/\/lucrezlegal.md\/\" target=\"_blank\" rel=\"noopener\"><strong>www.lucrezlegal.md<\/strong><\/a> pentru detalii.<\/li>\n<\/ul>\n","protected":false},"excerpt":{"rendered":"<p>Economia informal\u0103 din Republica Moldova este un fenomen complex \u0219i persistent, care influen\u021beaz\u0103 profund pia\u021ba muncii, veniturile bugetare \u0219i dezvoltarea economic\u0103 general\u0103. Ce trebuie s\u0103 faci dac\u0103 munce\u0219ti \u201ela negru\u201d Depune o peti\u021bie la Inspectoratul de Stat al Muncii (ISM) pentru a semnala munca nedeclarat\u0103. Cum se depune peti\u021bia Descrierea situa\u021biei (de c\u00e2nd lucrezi, f\u0103r\u0103 [&hellip;]<\/p>\n","protected":false},"author":1,"featured_media":0,"parent":0,"menu_order":0,"comment_status":"closed","ping_status":"closed","template":"","meta":{"footnotes":""},"class_list":["post-3008","page","type-page","status-publish","hentry"],"blocksy_meta":{"page_title_panel":"","has_hero_section":"default","ff1a24c6d7e9c455488fcb525c8c6de0":"","hero_section":"type-1","hero_alignment1":"left","hero_alignment2":"center","hero_height":"230px","page_title_bg_type":"color","custom_hero_background":{"attachment_id":null},"parallax":{"desktop":false,"tablet":false,"mobile":false},"e0e1bbd26548f4062d347dc7ac91bf73":"","single_meta_elements":{"author":false,"date":false,"categories":false,"comments":false,"updated":false,"tags":false},"has_meta_label":"yes","has_meta_avatar":"yes","date_format_source":"custom","single_meta_date_format":"M j, Y","72153156a6798f1ab54af9c0e27b6b79":"","page_excerpt_visibility":{"desktop":true,"tablet":true,"mobile":false},"pageTitleFont":{"family":"Default","variation":"Default","size":{"desktop":"32px","tablet":"30px","mobile":"25px"},"line-height":"1.3","letter-spacing":"CT_CSS_SKIP_RULE","text-transform":"CT_CSS_SKIP_RULE","text-decoration":"CT_CSS_SKIP_RULE"},"pageTitleFontColor":{"default":{"color":"CT_CSS_SKIP_RULEDEFAULT"}},"pageMetaFont":{"family":"Default","variation":"n6","size":{"desktop":"12px","tablet":"12px","mobile":"12px"},"line-height":"1.3","letter-spacing":"CT_CSS_SKIP_RULE","text-transform":"uppercase","text-decoration":"CT_CSS_SKIP_RULE"},"pageMetaFontColor":{"default":{"color":"CT_CSS_SKIP_RULEDEFAULT"},"hover":{"color":"CT_CSS_SKIP_RULEDEFAULT"}},"pageExcerptFont":{"family":"Default","variation":"n5","size":"CT_CSS_SKIP_RULE","line-height":"CT_CSS_SKIP_RULE","letter-spacing":"CT_CSS_SKIP_RULE","text-transform":"CT_CSS_SKIP_RULE","text-decoration":"CT_CSS_SKIP_RULE"},"pageExcerptColor":{"default":{"color":"CT_CSS_SKIP_RULEDEFAULT"}},"pageTitleOverlay":{"default":{"color":"rgba(41, 51, 60, 0.2)"}},"pageTitleBackground":{"default":{"color":"#EDEFF2"}},"ae06adb6d9d779b62e539354ff99a88b":"","page_structure_type":"type-3","page_enable_vertical_spacing":"yes","0454a6f075eb398c31bcd7bea15366f2":"","disable_featured_image":"no","styles_descriptor":{"styles":{"desktop":"","tablet":"","mobile":""},"google_fonts":[],"version":6}},"_links":{"self":[{"href":"https:\/\/new.cncnc.gov.md\/index.php?rest_route=\/wp\/v2\/pages\/3008","targetHints":{"allow":["GET"]}}],"collection":[{"href":"https:\/\/new.cncnc.gov.md\/index.php?rest_route=\/wp\/v2\/pages"}],"about":[{"href":"https:\/\/new.cncnc.gov.md\/index.php?rest_route=\/wp\/v2\/types\/page"}],"author":[{"embeddable":true,"href":"https:\/\/new.cncnc.gov.md\/index.php?rest_route=\/wp\/v2\/users\/1"}],"replies":[{"embeddable":true,"href":"https:\/\/new.cncnc.gov.md\/index.php?rest_route=%2Fwp%2Fv2%2Fcomments&post=3008"}],"version-history":[{"count":4,"href":"https:\/\/new.cncnc.gov.md\/index.php?rest_route=\/wp\/v2\/pages\/3008\/revisions"}],"predecessor-version":[{"id":3581,"href":"https:\/\/new.cncnc.gov.md\/index.php?rest_route=\/wp\/v2\/pages\/3008\/revisions\/3581"}],"wp:attachment":[{"href":"https:\/\/new.cncnc.gov.md\/index.php?rest_route=%2Fwp%2Fv2%2Fmedia&parent=3008"}],"curies":[{"name":"wp","href":"https:\/\/api.w.org\/{rel}","templated":true}]}}