{"id":2997,"date":"2020-03-20T14:39:16","date_gmt":"2020-03-20T14:39:16","guid":{"rendered":"https:\/\/startersites.io\/blocksy\/blog\/?page_id=2997"},"modified":"2025-09-10T14:02:17","modified_gmt":"2025-09-10T14:02:17","slug":"quote-block","status":"publish","type":"page","link":"https:\/\/new.cncnc.gov.md\/?page_id=2997","title":{"rendered":"Organele de lucru"},"content":{"rendered":"<p>&nbsp;<\/p>\n<p style=\"text-align: center;\"><strong>Biroul executiv<\/strong><\/p>\n<p>Biroul executiv al Comisiei na\u0163ionale este organul ei permanent care \u00eei asigur\u0103 conducerea \u00een perioada dintre \u015fedin\u0163e.<\/p>\n<p>Din componen\u0163a Biroului executiv al Comisiei na\u0163ionale fac parte:<\/p>\n<p>a) pre\u015fedintele comisiei;<\/p>\n<p>b) vicepre\u015fedin\u0163ii comisiei;<\/p>\n<p>c) c\u00eete un reprezentant din partea fiec\u0103rui partener social.<\/p>\n<p style=\"text-align: center;\"><strong>Biroul executiv al Comisiei na\u0163ionale:<\/strong><\/p>\n<p>a) aprob\u0103 planurile de lucru, agendele \u015fedin\u0163elor \u015fi programele de ac\u0163iuni ale comisiei;<\/p>\n<p>b) elaboreaz\u0103 deciziile \u015fi propunerile privind participarea la ac\u0163iunile Organiza\u0163iei Interna\u0163ionale a Muncii \u015fi la alte ac\u0163iuni interna\u0163ionale similare;<\/p>\n<p>c) pune \u00een dezbatere prealabil\u0103 chestiunile preg\u0103tite de consiliile de specialitate spre examinare la \u015fedin\u0163ele Comisiei na\u0163ionale;<\/p>\n<p>d) convoac\u0103 \u015fedin\u0163ele Comisiei na\u0163ionale la propunerea pre\u015fedintelui sau a uneia dintre p\u0103r\u0163ile ei;<\/p>\n<p>e) coordoneaz\u0103 activitatea consiliilor de specialitate;<\/p>\n<p>f) solicit\u0103 Comisiei na\u0163ionale revocarea membrului sau a membrului ei supleant care nu s-a prezentat f\u0103r\u0103 motive \u00eentemeiate la dou\u0103 \u015fedin\u0163e consecutive ale acesteia;<\/p>\n<p>g) propune ministrului economiei \u015fi comer\u0163ului candidaturile persoanelor care urmeaz\u0103 a fi numite \u00een func\u0163ia de membru ai Secretariatului Comisiei na\u0163ionale.<\/p>\n<p>h) exercit\u0103 alte func\u0163ii, \u00een limitele competen\u0163ei, \u00een condi\u0163iile legii \u015fi potrivit regulamentului Comisiei na\u0163ionale.<\/p>\n<p>\u00cen limitele competen\u0163ei sale, Biroul executiv al Comisiei na\u0163ionale adopt\u0103 decizii cu votul majorit\u0103\u0163ii membrilor s\u0103i.<\/p>\n<p style=\"text-align: center;\"><strong>Pre\u015fedintele Comisiei na\u0163ionale<\/strong><\/p>\n<p>Func\u0163ia de Pre\u015fedinte al Comisiei na\u0163ionale o exercit\u0103 coordonatorul p\u0103r\u0163ii guvernamentale.<\/p>\n<p>Pre\u015fedintele Comisiei na\u0163ionale exercit\u0103 urm\u0103toarele atribu\u0163ii:<\/p>\n<p>&#8211; organizeaz\u0103 \u015fi dirijeaz\u0103 activitatea Comisiei na\u0163ionale;<\/p>\n<p>&#8211; prezideaz\u0103 \u015fedin\u0163ele Comisiei na\u0163ionale;<\/p>\n<p>&#8211; informeaz\u0103 sistematic Comisia na\u0163ional\u0103 despre activitatea Guvernului pentru solu\u0163ionarea problemelor social-economice \u015fi respectarea legisla\u0163iei muncii, notific\u00eend, totodat\u0103, Guvernul despre ac\u0163iunile Comisiei na\u0163ionale;<\/p>\n<p>&#8211; invit\u0103, dac\u0103 este necesar, conduc\u0103tori \u015fi speciali\u015fti din organele centrale de specialitate ale administra\u0163iei publice, din autorit\u0103\u0163ile administra\u0163iei publice locale, din patronate \u015fi sindicate, precum \u015fi patroni \u015fi exper\u0163i independen\u0163i s\u0103 participe la ac\u0163iunile Comisiei na\u0163ionale;<\/p>\n<p>&#8211; organizeaz\u0103, dup\u0103 caz, consult\u0103ri \u00een chestiunile ce \u0163in de competen\u0163a Comisiei na\u0163ionale;<\/p>\n<p>&#8211; reprezint\u0103 Comisia na\u0163ional\u0103 \u00een rela\u0163iile cu ter\u0163e p\u0103r\u0163i, \u00een limitele competen\u0163ei sale, \u015fi este responsabil de chestiunile aferente domeniului de activitate al Comisiei na\u0163ionale.<\/p>\n<p style=\"text-align: center;\"><strong>Vicepre\u015fedin\u0163ii Comisiei na\u0163ionale<\/strong><\/p>\n<p>Func\u0163ia de Vicepre\u015fedinte al Comisiei na\u0163ionale este exercitat\u0103 de coordonatorii din partea patronatelor \u015fi sindicatelor.<\/p>\n<p>Vicepre\u015fedin\u0163ii Comisiei na\u0163ionale exercit\u0103 urm\u0103toarele atribu\u0163ii:<\/p>\n<p>&#8211; contribuie la dezvoltarea parteneriatului social \u015fi la consolidarea eforturilor partenerilor sociali \u00een solu\u0163ionarea problemelor de actualitate;<\/p>\n<p>&#8211; organizeaz\u0103 \u015fi coordoneaz\u0103 activitatea p\u0103r\u0163ii pe care o reprezint\u0103 \u015fi s\u00eent responsabili de eficien\u0163a activit\u0103\u0163ii reprezentan\u0163ilor p\u0103r\u0163ii respective;<\/p>\n<p>&#8211; \u00een absen\u0163a Pre\u015fedintelui Comisiei na\u0163ionale prezideaz\u0103 \u015fedin\u0163ele acesteia, \u00een baza deciziei Pre\u015fedintelui.<\/p>\n<p style=\"text-align: center;\"><strong>Secretariatul Comisiei na\u0163ionale<\/strong><\/p>\n<p>Secretariatul Comisiei na\u0163ionale este organul administrativ care asigur\u0103 func\u0163ionarea Comisiei.<\/p>\n<p>Secretariatul Comisiei na\u0163ionale se creeaz\u0103 \u00een cadrul Cancelariei de Stat \u015fi include cel pu\u0163in 3 membri, numi\u0163i \u015fi elibera\u0163i din func\u0163ie de c\u0103tre secretarul general al Guvernului, la propunerea biroului executiv al comisiei.<\/p>\n<p>Secretariatul Comisiei na\u0163ionale exercit\u0103 urm\u0103toarele atribu\u0163ii:<\/p>\n<p>&#8211; efectueaz\u0103 sintetizarea \u00een procese-verbale a dezbaterilor \u00een \u015fedin\u0163\u0103 ale Comisiei na\u0163ionale \u015fi ale consiliilor de specialitate, precum \u015fi alte lucr\u0103ri de secretariat;<\/p>\n<p>&#8211; preg\u0103te\u015fte \u015fedin\u0163ele Comisiei na\u0163ionale \u015fi ale consiliilor de specialitate;<\/p>\n<p>&#8211; execut\u0103 dispozi\u0163iile Pre\u015fedintelui Comisiei na\u0163ionale;<\/p>\n<p>&#8211; \u00eentre\u0163ine rela\u0163iile Comisiei na\u0163ionale \u015fi organelor ei cu organele centrale de specialitate ale administra\u0163iei publice, cu autorit\u0103\u0163ile administra\u0163iei publice locale, cu patronate \u015fi sindicate;<\/p>\n<p>&#8211; asigur\u0103 transparen\u0163a activit\u0103\u0163ii Comisiei na\u0163ionale \u00een mass-media;<\/p>\n<p>&#8211; informeaz\u0103 Comisia na\u0163ional\u0103 despre executarea hot\u0103r\u00eerilor ei anterioare.<\/p>\n<p>Activitatea Secretariatului Comisiei na\u0163ionale este dirijat\u0103 de Secretarul ei, numit\/eliberat din func\u0163ie de c\u0103tre secretarul general al Guvernului, la propunerea Biroului executiv al Comisiei.<\/p>\n<p>Secretarul Comisiei na\u0163ionale exercit\u0103 urm\u0103toarele atribu\u0163ii:<\/p>\n<p>&#8211; organizeaz\u0103 \u015fi dirijeaz\u0103 activitatea Secretariatului Comisiei na\u0163ionale \u015fi este responsabil de eficien\u0163a activit\u0103\u0163ii acestuia;<\/p>\n<p>&#8211; \u00eentocme\u015fte \u015fi certific\u0103 procesele-verbale ale \u015fedin\u0163elor Comisiei na\u0163ionale \u015fi ale \u015fedin\u0163elor consiliilor de specialitate;<\/p>\n<p>&#8211; semneaz\u0103 coresponden\u0163a pentru organizarea \u015fedin\u0163elor \u015fi ob\u0163inerea informa\u0163iilor necesare \u00een scopul asigur\u0103rii func\u0163ion\u0103rii Comisiei;<\/p>\n<p>&#8211; Secretarul Comisiei na\u0163ionale poate \u00eendeplini \u015fi alte atribu\u0163ii \u00een limitele competen\u0163ei sale \u015fi \u00een condi\u0163iile legii.<\/p>\n<p style=\"text-align: center;\"><strong>Consiliile de specialitate ale Comisiei na\u0163ionale<\/strong><\/p>\n<p>Pentru a-\u015fi exercita atribu\u0163iile, Comisia na\u0163ional\u0103 a creat urm\u0103toarele consilii de specialitate permanente:<\/p>\n<p>consiliul permanent privind restructurarea \u015fi dezvoltarea economiei na\u0163ionale, politici financiare, fiscale \u015fi venituri;<\/p>\n<p>consiliul permanent privind pia\u021ba for\u021bei de munc\u0103, raporturile de munc\u0103 \u015fi politic\u0103 salarial\u0103;<\/p>\n<p>consiliul permanent privind protec\u0163ia social\u0103;<\/p>\n<p>consiliul permanent privind problemele elabor\u0103rii, negocierii \u015fi \u00eencheierii conven\u0163iilor colective \u015fi monitoriz\u0103rii execut\u0103rii acestora;<\/p>\n<p>consiliul permanent privind securitatea \u015fi s\u0103n\u0103tatea la locul de munc\u0103;<\/p>\n<p>consiliul permanent privind problemele tinerilor.<\/p>\n","protected":false},"excerpt":{"rendered":"<p>&nbsp; Biroul executiv Biroul executiv al Comisiei na\u0163ionale este organul ei permanent care \u00eei asigur\u0103 conducerea \u00een perioada dintre \u015fedin\u0163e. Din componen\u0163a Biroului executiv al Comisiei na\u0163ionale fac parte: a) pre\u015fedintele comisiei; b) vicepre\u015fedin\u0163ii comisiei; c) c\u00eete un reprezentant din partea fiec\u0103rui partener social. Biroul executiv al Comisiei na\u0163ionale: a) aprob\u0103 planurile de lucru, agendele [&hellip;]<\/p>\n","protected":false},"author":1,"featured_media":0,"parent":0,"menu_order":0,"comment_status":"closed","ping_status":"closed","template":"","meta":{"footnotes":""},"class_list":["post-2997","page","type-page","status-publish","hentry"],"blocksy_meta":{"page_title_panel":"","has_hero_section":"default","697a75aa990311c88eeae64c26052e88":"","hero_section":"type-1","hero_alignment1":"left","hero_alignment2":"center","hero_height":"230px","page_title_bg_type":"color","custom_hero_background":{"attachment_id":null},"parallax":{"desktop":false,"tablet":false,"mobile":false},"84588efc387b70508d3ba518807b3b04":"","single_meta_elements":{"author":false,"date":false,"categories":false,"comments":false,"updated":false,"tags":false},"has_meta_label":"yes","has_meta_avatar":"yes","date_format_source":"custom","single_meta_date_format":"M j, Y","ec2a23dba13863f5b6681ea79ca10f8b":"","page_excerpt_visibility":{"desktop":true,"tablet":true,"mobile":false},"pageTitleFont":{"family":"Default","variation":"Default","size":{"desktop":"32px","tablet":"30px","mobile":"25px"},"line-height":"1.3","letter-spacing":"CT_CSS_SKIP_RULE","text-transform":"CT_CSS_SKIP_RULE","text-decoration":"CT_CSS_SKIP_RULE"},"pageTitleFontColor":{"default":{"color":"CT_CSS_SKIP_RULEDEFAULT"}},"pageMetaFont":{"family":"Default","variation":"n6","size":{"desktop":"12px","tablet":"12px","mobile":"12px"},"line-height":"1.3","letter-spacing":"CT_CSS_SKIP_RULE","text-transform":"uppercase","text-decoration":"CT_CSS_SKIP_RULE"},"pageMetaFontColor":{"default":{"color":"CT_CSS_SKIP_RULEDEFAULT"},"hover":{"color":"CT_CSS_SKIP_RULEDEFAULT"}},"pageExcerptFont":{"family":"Default","variation":"n5","size":"CT_CSS_SKIP_RULE","line-height":"CT_CSS_SKIP_RULE","letter-spacing":"CT_CSS_SKIP_RULE","text-transform":"CT_CSS_SKIP_RULE","text-decoration":"CT_CSS_SKIP_RULE"},"pageExcerptColor":{"default":{"color":"CT_CSS_SKIP_RULEDEFAULT"}},"pageTitleOverlay":{"default":{"color":"rgba(41, 51, 60, 0.2)"}},"pageTitleBackground":{"default":{"color":"#EDEFF2"}},"a531eedb8c6eb92b0feb20075246fc83":"","page_structure_type":"type-3","page_enable_vertical_spacing":"yes","79a34cf25d211ba8a003c90ea57d6e11":"","disable_featured_image":"no","styles_descriptor":{"styles":{"desktop":"","tablet":"","mobile":""},"google_fonts":[],"version":6}},"_links":{"self":[{"href":"https:\/\/new.cncnc.gov.md\/index.php?rest_route=\/wp\/v2\/pages\/2997","targetHints":{"allow":["GET"]}}],"collection":[{"href":"https:\/\/new.cncnc.gov.md\/index.php?rest_route=\/wp\/v2\/pages"}],"about":[{"href":"https:\/\/new.cncnc.gov.md\/index.php?rest_route=\/wp\/v2\/types\/page"}],"author":[{"embeddable":true,"href":"https:\/\/new.cncnc.gov.md\/index.php?rest_route=\/wp\/v2\/users\/1"}],"replies":[{"embeddable":true,"href":"https:\/\/new.cncnc.gov.md\/index.php?rest_route=%2Fwp%2Fv2%2Fcomments&post=2997"}],"version-history":[{"count":3,"href":"https:\/\/new.cncnc.gov.md\/index.php?rest_route=\/wp\/v2\/pages\/2997\/revisions"}],"predecessor-version":[{"id":3302,"href":"https:\/\/new.cncnc.gov.md\/index.php?rest_route=\/wp\/v2\/pages\/2997\/revisions\/3302"}],"wp:attachment":[{"href":"https:\/\/new.cncnc.gov.md\/index.php?rest_route=%2Fwp%2Fv2%2Fmedia&parent=2997"}],"curies":[{"name":"wp","href":"https:\/\/api.w.org\/{rel}","templated":true}]}}